{"id":14748,"date":"2023-04-16T13:46:58","date_gmt":"2023-04-16T11:46:58","guid":{"rendered":"http:\/\/medizin.aretis-staging.ch\/?page_id=14748"},"modified":"2026-02-10T16:05:46","modified_gmt":"2026-02-10T15:05:46","slug":"devenir-membre","status":"publish","type":"page","link":"https:\/\/www.berufsverband-medizin.ch\/fr\/devenir-membre\/","title":{"rendered":"Devenir membre"},"content":{"rendered":"<div id='av_section_1'  class='avia-section av-2ufmy1o-01e7738a5444a8ce8f9a68a9f0546e5c alternate_color avia-section-large avia-shadow  avia-builder-el-0  avia-builder-el-no-sibling  avia-bg-style-scroll container_wrap fullsize'  ><div class='container av-section-cont-open' ><main  class='template-page content  av-content-full alpha units'><div class='post-entry post-entry-type-page post-entry-14748'><div class='entry-content-wrapper clearfix'>\n\n<style type=\"text\/css\" data-created_by=\"avia_inline_auto\" id=\"style-css-av-lgnnm4l3-24f6eedc9aa84aff91169e56a567c7e7\">\n#top .av-special-heading.av-lgnnm4l3-24f6eedc9aa84aff91169e56a567c7e7{\npadding-bottom:10px;\n}\nbody .av-special-heading.av-lgnnm4l3-24f6eedc9aa84aff91169e56a567c7e7 .av-special-heading-tag .heading-char{\nfont-size:25px;\n}\n.av-special-heading.av-lgnnm4l3-24f6eedc9aa84aff91169e56a567c7e7 .av-subheading{\nfont-size:15px;\n}\n<\/style>\n<div  class='av-special-heading av-lgnnm4l3-24f6eedc9aa84aff91169e56a567c7e7 av-special-heading-h1 blockquote modern-quote modern-centered  avia-builder-el-1  el_before_av_three_fifth  avia-builder-el-first'><h1 class='av-special-heading-tag'  >Vous souhaitez devenir membre ?<\/h1><div class='av-subheading av-subheading_below'><p>Pour 150 CHF par an, vous b\u00e9n\u00e9ficiez d'une affiliation \u00e0 une caisse de pension, de r\u00e9ductions de primes et d'invitations \u00e0 des \u00e9v\u00e9nements gratuits.<\/p>\n<\/div><div class=\"special-heading-border\"><div class=\"special-heading-inner-border\"><\/div><\/div><\/div>\n<div class='flex_column_table av-rz70e1o-6d5f31a2a728026afbd04324ded5b06a sc-av_three_fifth av-equal-height-column-flextable'>\n<style type=\"text\/css\" data-created_by=\"avia_inline_auto\" id=\"style-css-av-rz70e1o-6d5f31a2a728026afbd04324ded5b06a\">\n@keyframes av_boxShadowEffect_av-rz70e1o-6d5f31a2a728026afbd04324ded5b06a-column {\n0%   { box-shadow:  0 0 0 0 #d3d3d3; opacity: 1; }\n100% { box-shadow:  0 0 20px 0 #d3d3d3; opacity: 1; }\n}\n#top .flex_column_table.av-equal-height-column-flextable.av-rz70e1o-6d5f31a2a728026afbd04324ded5b06a{\nmargin-top:50px;\nmargin-bottom:0px;\n}\n.flex_column.av-rz70e1o-6d5f31a2a728026afbd04324ded5b06a{\nwidth:58%;\nmargin-left:0;\nbox-shadow: 0 0 20px 0 #d3d3d3;\npadding:35px 35px 35px 35px;\nbackground-color:#ffffff;\n}\n#top .flex_column_table.av-equal-height-column-flextable.av-rz70e1o-6d5f31a2a728026afbd04324ded5b06a .av-flex-placeholder{\nwidth:5%;\n}\n<\/style>\n<div  class='flex_column av-rz70e1o-6d5f31a2a728026afbd04324ded5b06a av_three_fifth  avia-builder-el-2  el_after_av_heading  el_before_av_two_fifth  first flex_column_table_cell av-equal-height-column av-align-top shadow-not-animated'     ><p>\n<style type=\"text\/css\" data-created_by=\"avia_inline_auto\" id=\"style-css-av-lgnu5rnz-b23283947a33173241b16e9174554d3b\">\n#top .av-special-heading.av-lgnu5rnz-b23283947a33173241b16e9174554d3b{\npadding-bottom:10px;\n}\nbody .av-special-heading.av-lgnu5rnz-b23283947a33173241b16e9174554d3b .av-special-heading-tag .heading-char{\nfont-size:25px;\n}\n.av-special-heading.av-lgnu5rnz-b23283947a33173241b16e9174554d3b .av-subheading{\nfont-size:15px;\n}\n<\/style>\n<div  class='av-special-heading av-lgnu5rnz-b23283947a33173241b16e9174554d3b av-special-heading-h3 blockquote modern-quote  avia-builder-el-3  el_before_av_codeblock  avia-builder-el-first'><h3 class='av-special-heading-tag'  >Contact- <span class='special_amp'>&amp;<\/span> Formulaire d'inscription<\/h3><div class=\"special-heading-border\"><div class=\"special-heading-inner-border\"><\/div><\/div><\/div><br \/>\n<\/p><\/div><div class='av-flex-placeholder'><\/div>\n<style type=\"text\/css\" data-created_by=\"avia_inline_auto\" id=\"style-css-av-wne9uk-8a956b600b53b192a5a1a7af8822de5b\">\n#top .flex_column_table.av-equal-height-column-flextable.av-wne9uk-8a956b600b53b192a5a1a7af8822de5b{\nmargin-top:50px;\nmargin-bottom:0px;\n}\n.flex_column.av-wne9uk-8a956b600b53b192a5a1a7af8822de5b{\nwidth:37%;\nmargin-left:0;\n}\n#top .flex_column_table.av-equal-height-column-flextable.av-wne9uk-8a956b600b53b192a5a1a7af8822de5b .av-flex-placeholder{\nwidth:5%;\n}\n<\/style>\n<div  class='flex_column av-wne9uk-8a956b600b53b192a5a1a7af8822de5b av_two_fifth  avia-builder-el-5  el_after_av_three_fifth  avia-builder-el-last  flex_column_table_cell av-equal-height-column av-align-top'     ><p>\n<style type=\"text\/css\" data-created_by=\"avia_inline_auto\" id=\"style-css-av-lgntyh9h-492ea6ab793ca882ad24dd4aacafe043\">\n#top .av-special-heading.av-lgntyh9h-492ea6ab793ca882ad24dd4aacafe043{\npadding-bottom:10px;\n}\nbody .av-special-heading.av-lgntyh9h-492ea6ab793ca882ad24dd4aacafe043 .av-special-heading-tag .heading-char{\nfont-size:25px;\n}\n.av-special-heading.av-lgntyh9h-492ea6ab793ca882ad24dd4aacafe043 .av-subheading{\nfont-size:15px;\n}\n<\/style>\n<div  class='av-special-heading av-lgntyh9h-492ea6ab793ca882ad24dd4aacafe043 av-special-heading-h3 blockquote modern-quote  avia-builder-el-6  el_before_av_iconlist  avia-builder-el-first'><h3 class='av-special-heading-tag'  >Conseil <span class='special_amp'>&amp;<\/span> Contact<\/h3><div class=\"special-heading-border\"><div class=\"special-heading-inner-border\"><\/div><\/div><\/div><br \/>\n\n<style type=\"text\/css\" data-created_by=\"avia_inline_auto\" id=\"style-css-av-lgnu3syf-7a2066a70dc600e02984a33c48d52ad2\">\n#top .avia-icon-list-container.av-lgnu3syf-7a2066a70dc600e02984a33c48d52ad2 .iconlist_icon{\ncolor:#52a895;\n}\n#top .avia-icon-list-container.av-lgnu3syf-7a2066a70dc600e02984a33c48d52ad2 .iconlist_icon svg:first-child{\nstroke:#52a895;\nfill:#52a895;\n}\n<\/style>\n<div  class='avia-icon-list-container av-lgnu3syf-7a2066a70dc600e02984a33c48d52ad2  avia-builder-el-7  el_after_av_heading  avia-builder-el-last'><ul class='avia-icon-list avia_animate_when_almost_visible avia-icon-list-left av-iconlist-small av-lgnu3syf-7a2066a70dc600e02984a33c48d52ad2 avia-iconlist-animate'>\n<li><a href='mailto:verband@berufsverband-medizin.ch' title='verband@berufsverband-medizin.ch'  class='iconlist_icon av-lgnu2x3o-2601d06c70adfa1feb336d49f7295c02 avia-font-entypo-fontello avia-iconfont avia-font-entypo-fontello'><span class='av-icon-char' data-av_icon='\ue805' data-av_iconfont='entypo-fontello' aria-hidden=\"true\"><\/span><\/a><article class=\"article-icon-entry av-iconlist-empty\" ><div class=\"iconlist_content_wrap\"><header class=\"entry-content-header\" aria-label=\"Ic&ocirc;ne : &lt;a href=&#039;mailto:verband@berufsverband-medizin.ch&#039; title=&#039;verband@berufsverband-medizin.ch&#039;&gt;verband@berufsverband-medizin.ch&lt;\/a&gt;\"><div class='av_iconlist_title iconlist_title_small' ><a href='mailto:verband@berufsverband-medizin.ch' title='verband@berufsverband-medizin.ch'>verband@berufsverband-medizin.ch<\/a><\/div><\/header><div class='iconlist_content' ><\/div><\/div><footer class=\"entry-footer\"><\/footer><\/article><div class=\"iconlist-timeline\"><\/div><\/li>\n<li><a href='tel:+41442072900' title='044 207 29 00 '  class='iconlist_icon av-lgnu3r3y-a6465eac6953b062e1dc7f9876d48473 avia-font-entypo-fontello avia-iconfont avia-font-entypo-fontello'><span class='av-icon-char' data-av_icon='\ue854' data-av_iconfont='entypo-fontello' aria-hidden=\"true\"><\/span><\/a><article class=\"article-icon-entry av-iconlist-empty\" ><div class=\"iconlist_content_wrap\"><header class=\"entry-content-header\" aria-label=\"Ic&ocirc;ne : &lt;a href=&#039;tel:+41442072900&#039; title=&#039;044 207 29 00 &#039;&gt;044 207 29 00 &lt;\/a&gt;\"><div class='av_iconlist_title iconlist_title_small' ><a href='tel:+41442072900' title='044 207 29 00 '>044 207 29 00 <\/a><\/div><\/header><div class='iconlist_content' ><\/div><\/div><footer class=\"entry-footer\"><\/footer><\/article><div class=\"iconlist-timeline\"><\/div><\/li>\n<\/ul><\/div><\/p><\/div><\/div><!--close column table wrapper. Autoclose: 1 -->","protected":false},"excerpt":{"rendered":"","protected":false},"author":1,"featured_media":0,"parent":0,"menu_order":4,"comment_status":"closed","ping_status":"closed","template":"","meta":{"footnotes":""},"folder":[],"class_list":["post-14748","page","type-page","status-publish","hentry"],"yoast_head":"<!-- This site is optimized with the Yoast SEO plugin v27.5 - https:\/\/yoast.com\/product\/yoast-seo-wordpress\/ -->\n<title>M\u00f6chten Sie Mitglied werden?<\/title>\n<meta name=\"description\" content=\"Der Berufsverband Medizin ist ein Interessenverband f\u00fcr \u00c4rzte, Zahn\u00e4rzte und Mediziner, die selbstst\u00e4ndig oder angestellt sind. Werden Sie Mitglied.\" \/>\n<meta name=\"robots\" content=\"index, follow, max-snippet:-1, max-image-preview:large, max-video-preview:-1\" \/>\n<link rel=\"canonical\" href=\"https:\/\/www.berufsverband-medizin.ch\/fr\/devenir-membre\/\" \/>\n<meta property=\"og:locale\" content=\"fr_FR\" \/>\n<meta property=\"og:type\" content=\"article\" \/>\n<meta property=\"og:title\" content=\"M\u00f6chten Sie Mitglied werden?\" \/>\n<meta property=\"og:description\" content=\"Der Berufsverband Medizin ist ein Interessenverband f\u00fcr \u00c4rzte, Zahn\u00e4rzte und Mediziner, die selbstst\u00e4ndig oder angestellt sind. Werden Sie Mitglied.\" \/>\n<meta property=\"og:url\" content=\"https:\/\/www.berufsverband-medizin.ch\/fr\/devenir-membre\/\" \/>\n<meta property=\"og:site_name\" content=\"Berufsverband Medizin\" \/>\n<meta property=\"article:modified_time\" content=\"2026-02-10T15:05:46+00:00\" \/>\n<meta name=\"twitter:card\" content=\"summary_large_image\" \/>\n<meta name=\"twitter:label1\" content=\"Dur\u00e9e de lecture estim\u00e9e\" \/>\n\t<meta name=\"twitter:data1\" content=\"1 minute\" \/>\n<script type=\"application\/ld+json\" class=\"yoast-schema-graph\">{\"@context\":\"https:\\\/\\\/schema.org\",\"@graph\":[{\"@type\":\"WebPage\",\"@id\":\"https:\\\/\\\/www.berufsverband-medizin.ch\\\/mitglied-werden\\\/\",\"url\":\"https:\\\/\\\/www.berufsverband-medizin.ch\\\/mitglied-werden\\\/\",\"name\":\"M\u00f6chten Sie Mitglied werden?\",\"isPartOf\":{\"@id\":\"https:\\\/\\\/www.berufsverband-medizin.ch\\\/#website\"},\"datePublished\":\"2023-04-16T11:46:58+00:00\",\"dateModified\":\"2026-02-10T15:05:46+00:00\",\"description\":\"Der Berufsverband Medizin ist ein Interessenverband f\u00fcr \u00c4rzte, Zahn\u00e4rzte und Mediziner, die selbstst\u00e4ndig oder angestellt sind. Werden Sie Mitglied.\",\"breadcrumb\":{\"@id\":\"https:\\\/\\\/www.berufsverband-medizin.ch\\\/mitglied-werden\\\/#breadcrumb\"},\"inLanguage\":\"fr-FR\",\"potentialAction\":[{\"@type\":\"ReadAction\",\"target\":[\"https:\\\/\\\/www.berufsverband-medizin.ch\\\/mitglied-werden\\\/\"]}]},{\"@type\":\"BreadcrumbList\",\"@id\":\"https:\\\/\\\/www.berufsverband-medizin.ch\\\/mitglied-werden\\\/#breadcrumb\",\"itemListElement\":[{\"@type\":\"ListItem\",\"position\":1,\"name\":\"Startseite\",\"item\":\"https:\\\/\\\/www.berufsverband-medizin.ch\\\/\"},{\"@type\":\"ListItem\",\"position\":2,\"name\":\"Mitglied werden\"}]},{\"@type\":\"WebSite\",\"@id\":\"https:\\\/\\\/www.berufsverband-medizin.ch\\\/#website\",\"url\":\"https:\\\/\\\/www.berufsverband-medizin.ch\\\/\",\"name\":\"Berufsverband Medizin\",\"description\":\"\",\"potentialAction\":[{\"@type\":\"SearchAction\",\"target\":{\"@type\":\"EntryPoint\",\"urlTemplate\":\"https:\\\/\\\/www.berufsverband-medizin.ch\\\/?s={search_term_string}\"},\"query-input\":{\"@type\":\"PropertyValueSpecification\",\"valueRequired\":true,\"valueName\":\"search_term_string\"}}],\"inLanguage\":\"fr-FR\"}]}<\/script>\n<!-- \/ Yoast SEO plugin. -->","yoast_head_json":{"title":"Vous souhaitez devenir membre ?","description":"L'association professionnelle M\u00e9decine est une association d'int\u00e9r\u00eats pour les m\u00e9decins, les dentistes et les professionnels de la sant\u00e9, qu'ils soient ind\u00e9pendants ou salari\u00e9s. Devenez membre.","robots":{"index":"index","follow":"follow","max-snippet":"max-snippet:-1","max-image-preview":"max-image-preview:large","max-video-preview":"max-video-preview:-1"},"canonical":"https:\/\/www.berufsverband-medizin.ch\/fr\/devenir-membre\/","og_locale":"fr_FR","og_type":"article","og_title":"M\u00f6chten Sie Mitglied werden?","og_description":"Der Berufsverband Medizin ist ein Interessenverband f\u00fcr \u00c4rzte, Zahn\u00e4rzte und Mediziner, die selbstst\u00e4ndig oder angestellt sind. Werden Sie Mitglied.","og_url":"https:\/\/www.berufsverband-medizin.ch\/fr\/devenir-membre\/","og_site_name":"Berufsverband Medizin","article_modified_time":"2026-02-10T15:05:46+00:00","twitter_card":"summary_large_image","twitter_misc":{"Dur\u00e9e de lecture estim\u00e9e":"1 minute"},"schema":{"@context":"https:\/\/schema.org","@graph":[{"@type":"WebPage","@id":"https:\/\/www.berufsverband-medizin.ch\/mitglied-werden\/","url":"https:\/\/www.berufsverband-medizin.ch\/mitglied-werden\/","name":"Vous souhaitez devenir membre ?","isPartOf":{"@id":"https:\/\/www.berufsverband-medizin.ch\/#website"},"datePublished":"2023-04-16T11:46:58+00:00","dateModified":"2026-02-10T15:05:46+00:00","description":"L'association professionnelle M\u00e9decine est une association d'int\u00e9r\u00eats pour les m\u00e9decins, les dentistes et les professionnels de la sant\u00e9, qu'ils soient ind\u00e9pendants ou salari\u00e9s. Devenez membre.","breadcrumb":{"@id":"https:\/\/www.berufsverband-medizin.ch\/mitglied-werden\/#breadcrumb"},"inLanguage":"fr-FR","potentialAction":[{"@type":"ReadAction","target":["https:\/\/www.berufsverband-medizin.ch\/mitglied-werden\/"]}]},{"@type":"BreadcrumbList","@id":"https:\/\/www.berufsverband-medizin.ch\/mitglied-werden\/#breadcrumb","itemListElement":[{"@type":"ListItem","position":1,"name":"Startseite","item":"https:\/\/www.berufsverband-medizin.ch\/"},{"@type":"ListItem","position":2,"name":"Mitglied werden"}]},{"@type":"WebSite","@id":"https:\/\/www.berufsverband-medizin.ch\/#website","url":"https:\/\/www.berufsverband-medizin.ch\/","name":"Association professionnelle de m\u00e9decine","description":"","potentialAction":[{"@type":"SearchAction","target":{"@type":"EntryPoint","urlTemplate":"https:\/\/www.berufsverband-medizin.ch\/?s={search_term_string}"},"query-input":{"@type":"PropertyValueSpecification","valueRequired":true,"valueName":"search_term_string"}}],"inLanguage":"fr-FR"}]}},"_links":{"self":[{"href":"https:\/\/www.berufsverband-medizin.ch\/fr\/wp-json\/wp\/v2\/pages\/14748","targetHints":{"allow":["GET"]}}],"collection":[{"href":"https:\/\/www.berufsverband-medizin.ch\/fr\/wp-json\/wp\/v2\/pages"}],"about":[{"href":"https:\/\/www.berufsverband-medizin.ch\/fr\/wp-json\/wp\/v2\/types\/page"}],"author":[{"embeddable":true,"href":"https:\/\/www.berufsverband-medizin.ch\/fr\/wp-json\/wp\/v2\/users\/1"}],"replies":[{"embeddable":true,"href":"https:\/\/www.berufsverband-medizin.ch\/fr\/wp-json\/wp\/v2\/comments?post=14748"}],"version-history":[{"count":9,"href":"https:\/\/www.berufsverband-medizin.ch\/fr\/wp-json\/wp\/v2\/pages\/14748\/revisions"}],"predecessor-version":[{"id":15651,"href":"https:\/\/www.berufsverband-medizin.ch\/fr\/wp-json\/wp\/v2\/pages\/14748\/revisions\/15651"}],"wp:attachment":[{"href":"https:\/\/www.berufsverband-medizin.ch\/fr\/wp-json\/wp\/v2\/media?parent=14748"}],"wp:term":[{"taxonomy":"folder","embeddable":true,"href":"https:\/\/www.berufsverband-medizin.ch\/fr\/wp-json\/wp\/v2\/folder?post=14748"}],"curies":[{"name":"wp","href":"https:\/\/api.w.org\/{rel}","templated":true}]}}