{"id":14743,"date":"2023-04-16T13:46:25","date_gmt":"2023-04-16T11:46:25","guid":{"rendered":"http:\/\/medizin.aretis-staging.ch\/?page_id=14743"},"modified":"2024-05-21T11:12:39","modified_gmt":"2024-05-21T09:12:39","slug":"avantages","status":"publish","type":"page","link":"https:\/\/www.berufsverband-medizin.ch\/fr\/avantages\/","title":{"rendered":"Avantages"},"content":{"rendered":"<div id='av_section_1'  class='avia-section av-cow8div-9f3e7aaee22c1a9c4534dec49605cf23 alternate_color avia-section-large avia-shadow  avia-builder-el-0  el_before_av_section  avia-builder-el-first  avia-bg-style-scroll container_wrap fullsize'  ><div class='container av-section-cont-open' ><main  class='template-page content  av-content-full alpha units'><div class='post-entry post-entry-type-page post-entry-14743'><div class='entry-content-wrapper clearfix'>\n\n<style type=\"text\/css\" data-created_by=\"avia_inline_auto\" id=\"style-css-av-lgm8shk6-7ff4bcdc99490ad938ee75e7d54a9750\">\n#top .av-special-heading.av-lgm8shk6-7ff4bcdc99490ad938ee75e7d54a9750{\npadding-bottom:10px;\n}\nbody .av-special-heading.av-lgm8shk6-7ff4bcdc99490ad938ee75e7d54a9750 .av-special-heading-tag .heading-char{\nfont-size:25px;\n}\n.av-special-heading.av-lgm8shk6-7ff4bcdc99490ad938ee75e7d54a9750 .av-subheading{\nfont-size:15px;\n}\n<\/style>\n<div  class='av-special-heading av-lgm8shk6-7ff4bcdc99490ad938ee75e7d54a9750 av-special-heading-h1 blockquote modern-quote modern-centered  avia-builder-el-1  el_before_av_one_half  avia-builder-el-first'><h1 class='av-special-heading-tag'  > Voici comment en profiter <\/h1><div class='av-subheading av-subheading_below'><p>Devenir membre<\/p>\n<\/div><div class=\"special-heading-border\"><div class=\"special-heading-inner-border\"><\/div><\/div><\/div>\n<div class='flex_column_table av-c5x7wc7-f0fe71c01eeeabeff032afd29f72f85e sc-av_one_half av-equal-height-column-flextable'>\n<style type=\"text\/css\" data-created_by=\"avia_inline_auto\" id=\"style-css-av-c5x7wc7-f0fe71c01eeeabeff032afd29f72f85e\">\n@keyframes av_boxShadowEffect_av-c5x7wc7-f0fe71c01eeeabeff032afd29f72f85e-column {\n0%   { box-shadow:  0 0 0 0 #d3d3d3; opacity: 1; }\n100% { box-shadow:  0 0 20px 0 #d3d3d3; opacity: 1; }\n}\n.flex_column.av-c5x7wc7-f0fe71c01eeeabeff032afd29f72f85e{\nbox-shadow: 0 0 20px 0 #d3d3d3;\npadding:35px 35px 35px 35px;\n}\n<\/style>\n<div  class='flex_column av-c5x7wc7-f0fe71c01eeeabeff032afd29f72f85e av_one_half  avia-builder-el-2  el_after_av_heading  el_before_av_one_half  first flex_column_table_cell av-equal-height-column av-align-top shadow-not-animated'     ><article  class='iconbox iconbox_left av-bq8g3w7-56c13c8b0c4dfc25ff3562509af6e437  avia-builder-el-3  avia-builder-el-no-sibling' ><div class=\"iconbox_content\"><header class=\"entry-content-header\" aria-label=\"Ic\u00f4ne : Plus de temps pour les choses importantes\"><div class='iconbox_icon heading-color avia-iconfont avia-font-entypo-fontello' data-av_icon='\ue863' data-av_iconfont='entypo-fontello'  ><\/div><h3 class='iconbox_content_title' >Plus de temps pour les choses importantes<\/h3><\/header><div class='iconbox_content_container' ><p>Nos services fiduciaires vous d\u00e9chargent des t\u00e2ches administratives, r\u00e9glementaires et de gestion. Vous avez plus de temps et la certitude que tout sera fait de mani\u00e8re fiable et professionnelle.<\/p>\n<\/div><\/div><footer class=\"entry-footer\"><\/footer><\/article><\/div><div class='av-flex-placeholder'><\/div>\n<style type=\"text\/css\" data-created_by=\"avia_inline_auto\" id=\"style-css-av-b49qbdj-df234cfe41d558433f0ba06316cdd511\">\n@keyframes av_boxShadowEffect_av-b49qbdj-df234cfe41d558433f0ba06316cdd511-column {\n0%   { box-shadow:  0 0 0 0 #d3d3d3; opacity: 1; }\n100% { box-shadow:  0 0 20px 0 #d3d3d3; opacity: 1; }\n}\n.flex_column.av-b49qbdj-df234cfe41d558433f0ba06316cdd511{\nbox-shadow: 0 0 20px 0 #d3d3d3;\npadding:35px 35px 35px 35px;\n}\n<\/style>\n<div  class='flex_column av-b49qbdj-df234cfe41d558433f0ba06316cdd511 av_one_half  avia-builder-el-4  el_after_av_one_half  el_before_av_one_half  flex_column_table_cell av-equal-height-column av-align-top shadow-not-animated'     ><article  class='iconbox iconbox_left av-arr3blj-1aef907be4e72a712e4da000eece8b7d  avia-builder-el-5  avia-builder-el-no-sibling' ><div class=\"iconbox_content\"><header class=\"entry-content-header\" aria-label=\"Ic\u00f4ne : Toujours rester inform\u00e9\"><div class='iconbox_icon heading-color avia-iconfont avia-font-entypo-fontello' data-av_icon='\ue83c' data-av_iconfont='entypo-fontello'  ><\/div><h3 class='iconbox_content_title' >Toujours rester inform\u00e9<\/h3><\/header><div class='iconbox_content_container' ><p>En tant que membre de l'association professionnelle, vous pouvez participer \u00e0 diff\u00e9rents \u00e9v\u00e9nements tels que des conf\u00e9rences sp\u00e9cialis\u00e9es, des expos\u00e9s, des \u00e9v\u00e9nements de r\u00e9seautage ou des formations en marketing.<\/p>\n<\/div><\/div><footer class=\"entry-footer\"><\/footer><\/article><\/div><\/div><!--close column table wrapper. Autoclose: 1 -->\n<style type=\"text\/css\" data-created_by=\"avia_inline_auto\" id=\"style-css-av-19eb6xj-e3faaa51eb409d351d6be2b4361222af\">\n@keyframes av_boxShadowEffect_av-19eb6xj-e3faaa51eb409d351d6be2b4361222af-column {\n0%   { box-shadow:  0 0 0 0 #d3d3d3; opacity: 1; }\n100% { box-shadow:  0 0 20px 0 #d3d3d3; opacity: 1; }\n}\n.flex_column.av-19eb6xj-e3faaa51eb409d351d6be2b4361222af{\nbox-shadow: 0 0 20px 0 #d3d3d3;\npadding:35px 35px 35px 35px;\n}\n<\/style>\n<div  class='flex_column av-19eb6xj-e3faaa51eb409d351d6be2b4361222af av_one_half  avia-builder-el-6  el_after_av_one_half  el_before_av_one_half  first flex_column_div shadow-not-animated  column-top-margin'     ><article  class='iconbox iconbox_left av-lgnevdx9-7c3a50228fa968b93341478bc8055abb  avia-builder-el-7  avia-builder-el-no-sibling' ><div class=\"iconbox_content\"><header class=\"entry-content-header\" aria-label=\"Ic\u00f4ne : un suivi personnalis\u00e9 complet\"><div class='iconbox_icon heading-color avia-iconfont avia-font-entypo-fontello' data-av_icon='\ue80b' data-av_iconfont='entypo-fontello'  ><\/div><h3 class='iconbox_content_title' >Une assistance personnelle compl\u00e8te<\/h3><\/header><div class='iconbox_content_container' ><p>Nos membres ont la possibilit\u00e9 d'\u00e9changer avec des experts en mati\u00e8re de placements financiers, d'assurances, d'imp\u00f4ts, de successions ou de r\u00e8glements de successions.<\/p>\n<\/div><\/div><footer class=\"entry-footer\"><\/footer><\/article><\/div>\n<style type=\"text\/css\" data-created_by=\"avia_inline_auto\" id=\"style-css-av-2ep11z-21eedb69221cdce45757f2a0216f281c\">\n@keyframes av_boxShadowEffect_av-2ep11z-21eedb69221cdce45757f2a0216f281c-column {\n0%   { box-shadow:  0 0 0 0 #d3d3d3; opacity: 1; }\n100% { box-shadow:  0 0 20px 0 #d3d3d3; opacity: 1; }\n}\n.flex_column.av-2ep11z-21eedb69221cdce45757f2a0216f281c{\nbox-shadow: 0 0 20px 0 #d3d3d3;\npadding:35px 35px 35px 35px;\n}\n<\/style>\n<div  class='flex_column av-2ep11z-21eedb69221cdce45757f2a0216f281c av_one_half  avia-builder-el-8  el_after_av_one_half  avia-builder-el-last  flex_column_div shadow-not-animated  column-top-margin'     ><article  class='iconbox iconbox_left av-lgnew7ce-3cf64eec21640f21936745d9f3f34dc5  avia-builder-el-9  avia-builder-el-no-sibling' ><div class=\"iconbox_content\"><header class=\"entry-content-header\" aria-label=\"Ic\u00f4ne : R\u00e9duire les co\u00fbts\"><div class='iconbox_icon heading-color avia-iconfont avia-font-fontello' data-av_icon='\ue804' data-av_iconfont='fontello'  ><\/div><h3 class='iconbox_content_title' >R\u00e9duire les co\u00fbts<\/h3><\/header><div class='iconbox_content_container' ><p>En tant que membre de l'association professionnelle de m\u00e9decine, vous b\u00e9n\u00e9ficiez de solutions d'assurance et de pr\u00e9voyance plus avantageuses que celles propos\u00e9es par d'autres prestataires. Vous payez moins de primes, \u00e9conomisez des frais et optimisez votre pr\u00e9voyance.<\/p>\n<\/div><\/div><footer class=\"entry-footer\"><\/footer><\/article><\/div>\n\n<\/div><\/div><\/main><!-- close content main element --><\/div><\/div>\n<style type=\"text\/css\" data-created_by=\"avia_inline_auto\" id=\"style-css-av-4xah9h3-65052e78a9e9ce5591d4fc4d6c7ab5fc\">\n.avia-section.av-4xah9h3-65052e78a9e9ce5591d4fc4d6c7ab5fc .av-section-color-overlay{\nopacity:0.7;\nbackground-color:#244740;\n}\n<\/style>\n<div id='stretch_width'  class='avia-section av-4xah9h3-65052e78a9e9ce5591d4fc4d6c7ab5fc main_color avia-section-huge avia-no-border-styling  avia-builder-el-10  el_after_av_section  avia-builder-el-last  avia-bg-style-parallax av-section-color-overlay-active container_wrap fullsize'  ><div class=\"av-section-color-overlay-wrap\"><div class=\"av-section-color-overlay\"><\/div><div class='container av-section-cont-open' ><div class='template-page content  av-content-full alpha units'><div class='post-entry post-entry-type-page post-entry-14743'><div class='entry-content-wrapper clearfix'>\n<div class='flex_column_table av-4815x93-1e95ea5a2d73a6aed77bab78aea9966c sc-av_one_third av-equal-height-column-flextable'>\n<style type=\"text\/css\" data-created_by=\"avia_inline_auto\" id=\"style-css-av-4815x93-1e95ea5a2d73a6aed77bab78aea9966c\">\n.flex_column.av-4815x93-1e95ea5a2d73a6aed77bab78aea9966c{\nwidth:31%;\nmargin-left:0;\npadding:35px 35px 35px 35px;\nbackground-color:#ffffff;\n}\n#top .flex_column_table.av-equal-height-column-flextable.av-4815x93-1e95ea5a2d73a6aed77bab78aea9966c .av-flex-placeholder{\nwidth:3.5%;\n}\n<\/style>\n<div  class='flex_column av-4815x93-1e95ea5a2d73a6aed77bab78aea9966c av_one_third  avia-builder-el-11  el_before_av_one_third  avia-builder-el-first  first flex_column_table_cell av-equal-height-column av-align-top'     ><p>\n<style type=\"text\/css\" data-created_by=\"avia_inline_auto\" id=\"style-css-av-3w8ykqf-385b902c0a3e492642947887cfcd7d28\">\n#top .av-special-heading.av-3w8ykqf-385b902c0a3e492642947887cfcd7d28{\npadding-bottom:10px;\n}\nbody .av-special-heading.av-3w8ykqf-385b902c0a3e492642947887cfcd7d28 .av-special-heading-tag .heading-char{\nfont-size:25px;\n}\n.av-special-heading.av-3w8ykqf-385b902c0a3e492642947887cfcd7d28 .av-subheading{\nfont-size:15px;\n}\n<\/style>\n<div  class='av-special-heading av-3w8ykqf-385b902c0a3e492642947887cfcd7d28 av-special-heading-h3 blockquote modern-quote modern-centered  avia-builder-el-12  el_before_av_textblock  avia-builder-el-first'><h3 class='av-special-heading-tag'  >Devenir membre<\/h3><div class=\"special-heading-border\"><div class=\"special-heading-inner-border\"><\/div><\/div><\/div><br \/>\n<section  class='av_textblock_section av-lk2m2se4-f0310a216586a651b31fa9bb7a4be498'  ><div class='avia_textblock' ><p style=\"text-align: center;\">Profitez des avantages en tant que membre de l'association professionnelle M\u00e9decine<\/p>\n<\/div><\/section><br \/>\n<div  class='avia-button-wrap av-3b0bkif-8b1c1bdb73d9c729d458fdd22852787d-wrap avia-button-center  avia-builder-el-14  el_after_av_textblock  avia-builder-el-last'><a href='https:\/\/www.berufsverband-medizin.ch\/fr\/devenir-membre\/'  class='avia-button av-3b0bkif-8b1c1bdb73d9c729d458fdd22852787d av-link-btn avia-icon_select-no avia-size-large avia-position-center avia-color-theme-color'   aria-label=\"Rejoindre maintenant\"><span class='avia_iconbox_title' >Rejoindre maintenant<\/span><\/a><\/div><\/p><\/div><div class='av-flex-placeholder'><\/div>\n<style type=\"text\/css\" data-created_by=\"avia_inline_auto\" id=\"style-css-av-37ci76f-958b7904809615c33b7120130868256e\">\n.flex_column.av-37ci76f-958b7904809615c33b7120130868256e{\nwidth:31%;\nmargin-left:0;\npadding:35px 35px 35px 35px;\nbackground-color:#ffffff;\n}\n#top .flex_column_table.av-equal-height-column-flextable.av-37ci76f-958b7904809615c33b7120130868256e .av-flex-placeholder{\nwidth:3.5%;\n}\n<\/style>\n<div  class='flex_column av-37ci76f-958b7904809615c33b7120130868256e av_one_third  avia-builder-el-15  el_after_av_one_third  el_before_av_one_third  flex_column_table_cell av-equal-height-column av-align-top'     ><p>\n<style type=\"text\/css\" data-created_by=\"avia_inline_auto\" id=\"style-css-av-2lmlmev-311aaca4deee7eb0b54c757927b2074b\">\n#top .av-special-heading.av-2lmlmev-311aaca4deee7eb0b54c757927b2074b{\npadding-bottom:10px;\n}\nbody .av-special-heading.av-2lmlmev-311aaca4deee7eb0b54c757927b2074b .av-special-heading-tag .heading-char{\nfont-size:25px;\n}\n.av-special-heading.av-2lmlmev-311aaca4deee7eb0b54c757927b2074b .av-subheading{\nfont-size:15px;\n}\n<\/style>\n<div  class='av-special-heading av-2lmlmev-311aaca4deee7eb0b54c757927b2074b av-special-heading-h3 blockquote modern-quote modern-centered  avia-builder-el-16  el_before_av_textblock  avia-builder-el-first'><h3 class='av-special-heading-tag'  >Commander de la documentation<\/h3><div class=\"special-heading-border\"><div class=\"special-heading-inner-border\"><\/div><\/div><\/div><br \/>\n<section  class='av_textblock_section av-lk2m33dz-371ccbd6d3ea2437728f4004d29b7125'  ><div class='avia_textblock' ><p style=\"text-align: center;\">En savoir plus sur l'association professionnelle et nos offres<\/p>\n<\/div><\/section><br \/>\n<div  class='avia-button-wrap av-21d11pz-c61af56c60b2f941371a6da76647a55e-wrap avia-button-center  avia-builder-el-18  el_after_av_textblock  avia-builder-el-last'><a href='mailto:verband@berufsverband-medizin.ch'  class='avia-button av-21d11pz-c61af56c60b2f941371a6da76647a55e av-link-btn avia-icon_select-no avia-size-large avia-position-center avia-color-theme-color'   aria-label=\"Commander maintenant\"><span class='avia_iconbox_title' >Commander maintenant<\/span><\/a><\/div><\/p><\/div><div class='av-flex-placeholder'><\/div>\n<style type=\"text\/css\" data-created_by=\"avia_inline_auto\" id=\"style-css-av-1soa1nb-2d184d35b480dc83f3c9e42670eccebd\">\n.flex_column.av-1soa1nb-2d184d35b480dc83f3c9e42670eccebd{\nwidth:31%;\nmargin-left:0;\npadding:35px 35px 35px 35px;\nbackground-color:#ffffff;\n}\n#top .flex_column_table.av-equal-height-column-flextable.av-1soa1nb-2d184d35b480dc83f3c9e42670eccebd .av-flex-placeholder{\nwidth:3.5%;\n}\n<\/style>\n<div  class='flex_column av-1soa1nb-2d184d35b480dc83f3c9e42670eccebd av_one_third  avia-builder-el-19  el_after_av_one_third  avia-builder-el-last  flex_column_table_cell av-equal-height-column av-align-top'     ><p>\n<style type=\"text\/css\" data-created_by=\"avia_inline_auto\" id=\"style-css-av-yt9rrr-b11f0e3090a445a1a2177fb9e65f3572\">\n#top .av-special-heading.av-yt9rrr-b11f0e3090a445a1a2177fb9e65f3572{\npadding-bottom:10px;\n}\nbody .av-special-heading.av-yt9rrr-b11f0e3090a445a1a2177fb9e65f3572 .av-special-heading-tag .heading-char{\nfont-size:25px;\n}\n.av-special-heading.av-yt9rrr-b11f0e3090a445a1a2177fb9e65f3572 .av-subheading{\nfont-size:15px;\n}\n<\/style>\n<div  class='av-special-heading av-yt9rrr-b11f0e3090a445a1a2177fb9e65f3572 av-special-heading-h3 blockquote modern-quote modern-centered  avia-builder-el-20  el_before_av_textblock  avia-builder-el-first'><h3 class='av-special-heading-tag'  >Prendre rendez-vous<\/h3><div class=\"special-heading-border\"><div class=\"special-heading-inner-border\"><\/div><\/div><\/div><br \/>\n<section  class='av_textblock_section av-lk2m3czc-9f5e09085bc010726a0d835b97942520'  ><div class='avia_textblock' ><p style=\"text-align: center;\">Convenez d'un rendez-vous sans engagement avec nos experts<\/p>\n<\/div><\/section><br \/>\n<div  class='avia-button-wrap av-mokbjr-2d33b0580fb02937438de85fb9f5deb0-wrap avia-button-center  avia-builder-el-22  el_after_av_textblock  avia-builder-el-last'><a href='mailto:verband@berufsverband-medizin.ch'  class='avia-button av-mokbjr-2d33b0580fb02937438de85fb9f5deb0 av-link-btn avia-icon_select-no avia-size-large avia-position-center avia-color-theme-color'   aria-label=\"Rendez-vousConvenir d&#039;un rendez-vous\"><span class='avia_iconbox_title' >Rendez-vousConvenir d'un rendez-vous<\/span><\/a><\/div><\/p><\/div><\/div><!--close column table wrapper. Autoclose: 1 -->","protected":false},"excerpt":{"rendered":"","protected":false},"author":1,"featured_media":0,"parent":0,"menu_order":2,"comment_status":"closed","ping_status":"closed","template":"","meta":{"footnotes":""},"folder":[],"class_list":["post-14743","page","type-page","status-publish","hentry"],"yoast_head":"<!-- This site is optimized with the Yoast SEO plugin v27.4 - https:\/\/yoast.com\/product\/yoast-seo-wordpress\/ -->\n<title>Vorteile: So profitieren Sie als Verbandsmitglied<\/title>\n<meta name=\"description\" content=\"Gewinnen Sie Zeit: Unsere Treuhand-Dienstleistungen entlasten Sie von administrativen, regulatorischen und betriebswirtschaftlichen Aufgaben.\" \/>\n<meta name=\"robots\" content=\"index, follow, max-snippet:-1, max-image-preview:large, max-video-preview:-1\" \/>\n<link rel=\"canonical\" href=\"https:\/\/www.berufsverband-medizin.ch\/fr\/avantages\/\" \/>\n<meta property=\"og:locale\" content=\"fr_FR\" \/>\n<meta property=\"og:type\" content=\"article\" \/>\n<meta property=\"og:title\" content=\"Vorteile: So profitieren Sie als Verbandsmitglied\" \/>\n<meta property=\"og:description\" content=\"Gewinnen Sie Zeit: Unsere Treuhand-Dienstleistungen entlasten Sie von administrativen, regulatorischen und betriebswirtschaftlichen Aufgaben.\" \/>\n<meta property=\"og:url\" content=\"https:\/\/www.berufsverband-medizin.ch\/fr\/avantages\/\" \/>\n<meta property=\"og:site_name\" content=\"Berufsverband Medizin\" \/>\n<meta property=\"article:modified_time\" content=\"2024-05-21T09:12:39+00:00\" \/>\n<meta name=\"twitter:card\" content=\"summary_large_image\" \/>\n<meta name=\"twitter:label1\" content=\"Dur\u00e9e de lecture estim\u00e9e\" \/>\n\t<meta name=\"twitter:data1\" content=\"1 minute\" \/>\n<script type=\"application\/ld+json\" class=\"yoast-schema-graph\">{\"@context\":\"https:\\\/\\\/schema.org\",\"@graph\":[{\"@type\":\"WebPage\",\"@id\":\"https:\\\/\\\/www.berufsverband-medizin.ch\\\/vorteile\\\/\",\"url\":\"https:\\\/\\\/www.berufsverband-medizin.ch\\\/vorteile\\\/\",\"name\":\"Vorteile: So profitieren Sie als Verbandsmitglied\",\"isPartOf\":{\"@id\":\"https:\\\/\\\/www.berufsverband-medizin.ch\\\/#website\"},\"datePublished\":\"2023-04-16T11:46:25+00:00\",\"dateModified\":\"2024-05-21T09:12:39+00:00\",\"description\":\"Gewinnen Sie Zeit: Unsere Treuhand-Dienstleistungen entlasten Sie von administrativen, regulatorischen und betriebswirtschaftlichen Aufgaben.\",\"breadcrumb\":{\"@id\":\"https:\\\/\\\/www.berufsverband-medizin.ch\\\/vorteile\\\/#breadcrumb\"},\"inLanguage\":\"fr-FR\",\"potentialAction\":[{\"@type\":\"ReadAction\",\"target\":[\"https:\\\/\\\/www.berufsverband-medizin.ch\\\/vorteile\\\/\"]}]},{\"@type\":\"BreadcrumbList\",\"@id\":\"https:\\\/\\\/www.berufsverband-medizin.ch\\\/vorteile\\\/#breadcrumb\",\"itemListElement\":[{\"@type\":\"ListItem\",\"position\":1,\"name\":\"Startseite\",\"item\":\"https:\\\/\\\/www.berufsverband-medizin.ch\\\/\"},{\"@type\":\"ListItem\",\"position\":2,\"name\":\"Vorteile\"}]},{\"@type\":\"WebSite\",\"@id\":\"https:\\\/\\\/www.berufsverband-medizin.ch\\\/#website\",\"url\":\"https:\\\/\\\/www.berufsverband-medizin.ch\\\/\",\"name\":\"Berufsverband Medizin\",\"description\":\"\",\"potentialAction\":[{\"@type\":\"SearchAction\",\"target\":{\"@type\":\"EntryPoint\",\"urlTemplate\":\"https:\\\/\\\/www.berufsverband-medizin.ch\\\/?s={search_term_string}\"},\"query-input\":{\"@type\":\"PropertyValueSpecification\",\"valueRequired\":true,\"valueName\":\"search_term_string\"}}],\"inLanguage\":\"fr-FR\"}]}<\/script>\n<!-- \/ Yoast SEO plugin. -->","yoast_head_json":{"title":"Avantages : Voici ce dont vous profitez en tant que membre de l'association","description":"Gagnez du temps : nos services fiduciaires vous d\u00e9chargent des t\u00e2ches administratives, r\u00e9glementaires et de gestion.","robots":{"index":"index","follow":"follow","max-snippet":"max-snippet:-1","max-image-preview":"max-image-preview:large","max-video-preview":"max-video-preview:-1"},"canonical":"https:\/\/www.berufsverband-medizin.ch\/fr\/avantages\/","og_locale":"fr_FR","og_type":"article","og_title":"Vorteile: So profitieren Sie als Verbandsmitglied","og_description":"Gewinnen Sie Zeit: Unsere Treuhand-Dienstleistungen entlasten Sie von administrativen, regulatorischen und betriebswirtschaftlichen Aufgaben.","og_url":"https:\/\/www.berufsverband-medizin.ch\/fr\/avantages\/","og_site_name":"Berufsverband Medizin","article_modified_time":"2024-05-21T09:12:39+00:00","twitter_card":"summary_large_image","twitter_misc":{"Dur\u00e9e de lecture estim\u00e9e":"1 minute"},"schema":{"@context":"https:\/\/schema.org","@graph":[{"@type":"WebPage","@id":"https:\/\/www.berufsverband-medizin.ch\/vorteile\/","url":"https:\/\/www.berufsverband-medizin.ch\/vorteile\/","name":"Avantages : Voici ce dont vous profitez en tant que membre de l'association","isPartOf":{"@id":"https:\/\/www.berufsverband-medizin.ch\/#website"},"datePublished":"2023-04-16T11:46:25+00:00","dateModified":"2024-05-21T09:12:39+00:00","description":"Gagnez du temps : nos services fiduciaires vous d\u00e9chargent des t\u00e2ches administratives, r\u00e9glementaires et de gestion.","breadcrumb":{"@id":"https:\/\/www.berufsverband-medizin.ch\/vorteile\/#breadcrumb"},"inLanguage":"fr-FR","potentialAction":[{"@type":"ReadAction","target":["https:\/\/www.berufsverband-medizin.ch\/vorteile\/"]}]},{"@type":"BreadcrumbList","@id":"https:\/\/www.berufsverband-medizin.ch\/vorteile\/#breadcrumb","itemListElement":[{"@type":"ListItem","position":1,"name":"Startseite","item":"https:\/\/www.berufsverband-medizin.ch\/"},{"@type":"ListItem","position":2,"name":"Vorteile"}]},{"@type":"WebSite","@id":"https:\/\/www.berufsverband-medizin.ch\/#website","url":"https:\/\/www.berufsverband-medizin.ch\/","name":"Association professionnelle de m\u00e9decine","description":"","potentialAction":[{"@type":"SearchAction","target":{"@type":"EntryPoint","urlTemplate":"https:\/\/www.berufsverband-medizin.ch\/?s={search_term_string}"},"query-input":{"@type":"PropertyValueSpecification","valueRequired":true,"valueName":"search_term_string"}}],"inLanguage":"fr-FR"}]}},"_links":{"self":[{"href":"https:\/\/www.berufsverband-medizin.ch\/fr\/wp-json\/wp\/v2\/pages\/14743","targetHints":{"allow":["GET"]}}],"collection":[{"href":"https:\/\/www.berufsverband-medizin.ch\/fr\/wp-json\/wp\/v2\/pages"}],"about":[{"href":"https:\/\/www.berufsverband-medizin.ch\/fr\/wp-json\/wp\/v2\/types\/page"}],"author":[{"embeddable":true,"href":"https:\/\/www.berufsverband-medizin.ch\/fr\/wp-json\/wp\/v2\/users\/1"}],"replies":[{"embeddable":true,"href":"https:\/\/www.berufsverband-medizin.ch\/fr\/wp-json\/wp\/v2\/comments?post=14743"}],"version-history":[{"count":6,"href":"https:\/\/www.berufsverband-medizin.ch\/fr\/wp-json\/wp\/v2\/pages\/14743\/revisions"}],"predecessor-version":[{"id":15401,"href":"https:\/\/www.berufsverband-medizin.ch\/fr\/wp-json\/wp\/v2\/pages\/14743\/revisions\/15401"}],"wp:attachment":[{"href":"https:\/\/www.berufsverband-medizin.ch\/fr\/wp-json\/wp\/v2\/media?parent=14743"}],"wp:term":[{"taxonomy":"folder","embeddable":true,"href":"https:\/\/www.berufsverband-medizin.ch\/fr\/wp-json\/wp\/v2\/folder?post=14743"}],"curies":[{"name":"wp","href":"https:\/\/api.w.org\/{rel}","templated":true}]}}